{"id":1523,"date":"2024-08-26T12:13:04","date_gmt":"2024-08-26T12:13:04","guid":{"rendered":"https:\/\/origamee.app\/manutencao-e-pecas-de-trabalho\/"},"modified":"2025-09-01T14:03:15","modified_gmt":"2025-09-01T14:03:15","slug":"manutencao-e-pecas-de-trabalho","status":"publish","type":"page","link":"https:\/\/origamee.app\/pt-pt\/manutencao-e-pecas-de-trabalho\/","title":{"rendered":"Ordens de trabalho e relat\u00f3rios de trabalho"},"content":{"rendered":"[vc_row type=&#8221;full_width_background&#8221; full_screen_row_position=&#8221;middle&#8221; column_margin=&#8221;default&#8221; column_direction=&#8221;default&#8221; column_direction_tablet=&#8221;default&#8221; column_direction_phone=&#8221;default&#8221; bg_color=&#8221;#28225c&#8221; scene_position=&#8221;center&#8221; text_color=&#8221;light&#8221; text_align=&#8221;left&#8221; row_border_radius=&#8221;none&#8221; row_border_radius_applies=&#8221;bg&#8221; overflow=&#8221;visible&#8221; id=&#8221;Mantenimiento&#8221; row_name=&#8221;Mantenimiento y partes de trabajo&#8221; overlay_strength=&#8221;0.3&#8243; gradient_direction=&#8221;left_to_right&#8221; shape_divider_position=&#8221;bottom&#8221; bg_image_animation=&#8221;none&#8221; gradient_type=&#8221;default&#8221; shape_type=&#8221;&#8221;][vc_column column_padding=&#8221;no-extra-padding&#8221; column_padding_tablet=&#8221;inherit&#8221; column_padding_phone=&#8221;inherit&#8221; column_padding_position=&#8221;all&#8221; column_element_direction_desktop=&#8221;default&#8221; column_element_spacing=&#8221;default&#8221; desktop_text_alignment=&#8221;default&#8221; tablet_text_alignment=&#8221;default&#8221; phone_text_alignment=&#8221;default&#8221; background_color_opacity=&#8221;1&#8243; background_hover_color_opacity=&#8221;1&#8243; column_backdrop_filter=&#8221;none&#8221; column_shadow=&#8221;none&#8221; column_border_radius=&#8221;none&#8221; column_link_target=&#8221;_self&#8221; column_position=&#8221;default&#8221; gradient_direction=&#8221;left_to_right&#8221; overlay_strength=&#8221;0.3&#8243; width=&#8221;1\/2&#8243; tablet_width_inherit=&#8221;default&#8221; animation_type=&#8221;default&#8221; bg_image_animation=&#8221;none&#8221; border_type=&#8221;simple&#8221; column_border_width=&#8221;none&#8221; column_border_style=&#8221;solid&#8221;][divider line_type=&#8221;No Line&#8221; custom_height=&#8221;90&#8243;][vc_column_text css=&#8221;&#8221; text_direction=&#8221;default&#8221;]\n<h2>Encomendas<br \/>\ne ordens de trabalho<\/h2>\n[\/vc_column_text][image_with_animation image_url=&#8221;426&#8243; image_size=&#8221;full&#8221; animation_type=&#8221;entrance&#8221; animation=&#8221;Grow In&#8221; animation_easing=&#8221;default&#8221; animation_movement_type=&#8221;transform_y&#8221; hover_animation=&#8221;none&#8221; alignment=&#8221;&#8221; border_radius=&#8221;none&#8221; box_shadow=&#8221;none&#8221; image_loading=&#8221;default&#8221; max_width=&#8221;100%&#8221; max_width_mobile=&#8221;default&#8221; margin_right=&#8221;20&#8243; screen_reader_text=&#8221;Control Horario&#8221;][vc_column_text text_direction=&#8221;default&#8221;]\n<h4><em>Gest\u00e3o eficiente de projectos e tarefas<\/em><\/h4>\n[\/vc_column_text][vc_column_text text_direction=&#8221;default&#8221;]Supervisiona o estado de manuten\u00e7\u00e3o das instala\u00e7\u00f5es e equipamentos, gerindo tanto a manuten\u00e7\u00e3o preventiva como a corretiva. Assim, se uma m\u00e1quina na unidade de produ\u00e7\u00e3o precisar de uma revis\u00e3o programada, podes coordenar a sua inspe\u00e7\u00e3o e acompanhamento at\u00e9 estar em perfeitas condi\u00e7\u00f5es. <\/p>\n<p>Ao mesmo tempo, controla <strong>todo o ciclo da tarefa<\/strong> com relat\u00f3rios de trabalho detalhados. Gera encomendas, atribui tarefas \u00e0 sua equipa e gere fluxos de aprova\u00e7\u00e3o com <strong>assinaturas electr\u00f3nicas<\/strong> ou valida\u00e7\u00f5es de outras \u00e1reas envolvidas. Relat\u00f3rios e relat\u00f3rios claros permitem-te avaliar o progresso e tomar decis\u00f5es com base em dados precisos.[\/vc_column_text][divider line_type=&#8221;No Line&#8221; custom_height=&#8221;20&#8243;][nectar_btn size=&#8221;medium&#8221; button_style=&#8221;see-through-2&#8243; color_override=&#8221;#ffffff&#8221; hover_color_override=&#8221;#636363&#8243; hover_text_color_override=&#8221;#ffffff&#8221; icon_family=&#8221;default_arrow&#8221; text=&#8221;L\u00ea mais&#8221; url=&#8221;#&#8221; css_animation=&#8221;pulse&#8221;][\/vc_column][vc_column column_padding=&#8221;no-extra-padding&#8221; column_padding_tablet=&#8221;inherit&#8221; column_padding_phone=&#8221;inherit&#8221; column_padding_position=&#8221;all&#8221; column_element_direction_desktop=&#8221;default&#8221; column_element_spacing=&#8221;default&#8221; desktop_text_alignment=&#8221;default&#8221; tablet_text_alignment=&#8221;default&#8221; phone_text_alignment=&#8221;default&#8221; background_color_opacity=&#8221;1&#8243; background_hover_color_opacity=&#8221;1&#8243; column_backdrop_filter=&#8221;none&#8221; column_shadow=&#8221;none&#8221; column_border_radius=&#8221;none&#8221; column_link_target=&#8221;_self&#8221; column_position=&#8221;default&#8221; gradient_direction=&#8221;left_to_right&#8221; overlay_strength=&#8221;0.3&#8243; width=&#8221;1\/2&#8243; tablet_width_inherit=&#8221;default&#8221; animation_type=&#8221;default&#8221; bg_image_animation=&#8221;none&#8221; border_type=&#8221;simple&#8221; column_border_width=&#8221;none&#8221; column_border_style=&#8221;solid&#8221;][divider line_type=&#8221;No Line&#8221; custom_height=&#8221;20&#8243;][divider line_type=&#8221;No Line&#8221; custom_height=&#8221;20&#8243;][divider line_type=&#8221;No Line&#8221; custom_height=&#8221;20&#8243;][nectar_animated_shape animation=&#8221;none&#8221; animation_easing=&#8221;default&#8221; animation_movement_type=&#8221;transform_y&#8221;][\/vc_column][\/vc_row][vc_row type=&#8221;full_width_background&#8221; full_screen_row_position=&#8221;middle&#8221; column_margin=&#8221;default&#8221; column_direction=&#8221;default&#8221; column_direction_tablet=&#8221;default&#8221; column_direction_phone=&#8221;default&#8221; bg_color=&#8221;#28225c&#8221; scene_position=&#8221;center&#8221; text_color=&#8221;light&#8221; text_align=&#8221;left&#8221; row_border_radius=&#8221;none&#8221; row_border_radius_applies=&#8221;bg&#8221; overflow=&#8221;visible&#8221; id=&#8221;Mantenimiento&#8221; row_name=&#8221;Mantenimiento y partes de trabajo&#8221; overlay_strength=&#8221;0.3&#8243; gradient_direction=&#8221;left_to_right&#8221; shape_divider_position=&#8221;bottom&#8221; bg_image_animation=&#8221;none&#8221; gradient_type=&#8221;default&#8221; shape_type=&#8221;&#8221;][vc_column column_padding=&#8221;no-extra-padding&#8221; column_padding_tablet=&#8221;inherit&#8221; column_padding_phone=&#8221;inherit&#8221; column_padding_position=&#8221;all&#8221; column_element_direction_desktop=&#8221;default&#8221; column_element_spacing=&#8221;default&#8221; desktop_text_alignment=&#8221;default&#8221; tablet_text_alignment=&#8221;default&#8221; phone_text_alignment=&#8221;default&#8221; background_color_opacity=&#8221;1&#8243; background_hover_color_opacity=&#8221;1&#8243; column_backdrop_filter=&#8221;none&#8221; column_shadow=&#8221;none&#8221; column_border_radius=&#8221;none&#8221; column_link_target=&#8221;_self&#8221; column_position=&#8221;default&#8221; gradient_direction=&#8221;left_to_right&#8221; overlay_strength=&#8221;0.3&#8243; width=&#8221;1\/2&#8243; tablet_width_inherit=&#8221;default&#8221; animation_type=&#8221;default&#8221; bg_image_animation=&#8221;none&#8221; border_type=&#8221;simple&#8221; column_border_width=&#8221;none&#8221; column_border_style=&#8221;solid&#8221;][divider line_type=&#8221;No Line&#8221; custom_height=&#8221;90&#8243;][vc_column_text text_direction=&#8221;default&#8221;]Supervisiona o estado de manuten\u00e7\u00e3o das instala\u00e7\u00f5es e equipamentos, gerindo tanto a manuten\u00e7\u00e3o preventiva como a corretiva. Assim, se uma m\u00e1quina na unidade de produ\u00e7\u00e3o precisar de uma revis\u00e3o programada, podes coordenar a sua inspe\u00e7\u00e3o e acompanhamento at\u00e9 estar em perfeitas condi\u00e7\u00f5es. <\/p>\n<p>Ao mesmo tempo, controla <strong>todo o ciclo da tarefa<\/strong> com relat\u00f3rios de trabalho detalhados. Gera encomendas, atribui tarefas \u00e0 sua equipa e gere fluxos de aprova\u00e7\u00e3o com <strong>assinaturas electr\u00f3nicas<\/strong> ou valida\u00e7\u00f5es de outras \u00e1reas envolvidas. Relat\u00f3rios e relat\u00f3rios claros permitem-te avaliar o progresso e tomar decis\u00f5es com base em dados precisos.[\/vc_column_text][divider line_type=&#8221;No Line&#8221; custom_height=&#8221;20&#8243;][\/vc_column][vc_column column_padding=&#8221;no-extra-padding&#8221; column_padding_tablet=&#8221;inherit&#8221; column_padding_phone=&#8221;inherit&#8221; column_padding_position=&#8221;all&#8221; column_element_direction_desktop=&#8221;default&#8221; column_element_spacing=&#8221;default&#8221; desktop_text_alignment=&#8221;default&#8221; tablet_text_alignment=&#8221;default&#8221; phone_text_alignment=&#8221;default&#8221; background_color_opacity=&#8221;1&#8243; background_hover_color_opacity=&#8221;1&#8243; column_backdrop_filter=&#8221;none&#8221; column_shadow=&#8221;none&#8221; column_border_radius=&#8221;none&#8221; column_link_target=&#8221;_self&#8221; column_position=&#8221;default&#8221; gradient_direction=&#8221;left_to_right&#8221; overlay_strength=&#8221;0.3&#8243; width=&#8221;1\/2&#8243; tablet_width_inherit=&#8221;default&#8221; animation_type=&#8221;default&#8221; bg_image_animation=&#8221;none&#8221; border_type=&#8221;simple&#8221; column_border_width=&#8221;none&#8221; column_border_style=&#8221;solid&#8221;][divider line_type=&#8221;No Line&#8221; custom_height=&#8221;20&#8243;][divider line_type=&#8221;No Line&#8221; custom_height=&#8221;20&#8243;][divider line_type=&#8221;No Line&#8221; custom_height=&#8221;20&#8243;][\/vc_column][\/vc_row]\n","protected":false},"excerpt":{"rendered":"<p>[vc_row type=&#8221;full_width_background&#8221; full_screen_row_position=&#8221;middle&#8221; column_margin=&#8221;default&#8221; column_direction=&#8221;default&#8221; column_direction_tablet=&#8221;default&#8221; column_direction_phone=&#8221;default&#8221; bg_color=&#8221;#28225c&#8221; scene_position=&#8221;center&#8221; text_color=&#8221;light&#8221; text_align=&#8221;left&#8221; row_border_radius=&#8221;none&#8221; row_border_radius_applies=&#8221;bg&#8221; overflow=&#8221;visible&#8221; id=&#8221;Mantenimiento&#8221; row_name=&#8221;Mantenimiento y partes de trabajo&#8221; overlay_strength=&#8221;0.3&#8243; gradient_direction=&#8221;left_to_right&#8221; shape_divider_position=&#8221;bottom&#8221; bg_image_animation=&#8221;none&#8221; gradient_type=&#8221;default&#8221; shape_type=&#8221;&#8221;][vc_column column_padding=&#8221;no-extra-padding&#8221; column_padding_tablet=&#8221;inherit&#8221; column_padding_phone=&#8221;inherit&#8221; column_padding_position=&#8221;all&#8221;&#8230;<\/p>\n","protected":false},"author":3,"featured_media":0,"parent":0,"menu_order":0,"comment_status":"closed","ping_status":"closed","template":"","meta":{"footnotes":""},"class_list":["post-1523","page","type-page","status-publish"],"yoast_head":"<!-- This site is optimized with the Yoast SEO plugin v27.0 - https:\/\/yoast.com\/product\/yoast-seo-wordpress\/ -->\n<title>Ordens de trabalho e relat\u00f3rios de trabalho - Origamee<\/title>\n<meta name=\"robots\" content=\"index, follow, max-snippet:-1, max-image-preview:large, max-video-preview:-1\" \/>\n<link rel=\"canonical\" href=\"https:\/\/origamee.app\/pt-pt\/manutencao-e-pecas-de-trabalho\/\" \/>\n<meta property=\"og:locale\" content=\"pt_PT\" \/>\n<meta property=\"og:type\" content=\"article\" \/>\n<meta property=\"og:title\" content=\"Ordens de trabalho e relat\u00f3rios de trabalho - Origamee\" \/>\n<meta property=\"og:description\" content=\"[vc_row type=&#8221;full_width_background&#8221; full_screen_row_position=&#8221;middle&#8221; column_margin=&#8221;default&#8221; column_direction=&#8221;default&#8221; column_direction_tablet=&#8221;default&#8221; column_direction_phone=&#8221;default&#8221; bg_color=&#8221;#28225c&#8221; scene_position=&#8221;center&#8221; text_color=&#8221;light&#8221; text_align=&#8221;left&#8221; row_border_radius=&#8221;none&#8221; row_border_radius_applies=&#8221;bg&#8221; overflow=&#8221;visible&#8221; id=&#8221;Mantenimiento&#8221; row_name=&#8221;Mantenimiento y partes de trabajo&#8221; overlay_strength=&#8221;0.3&#8243; gradient_direction=&#8221;left_to_right&#8221; shape_divider_position=&#8221;bottom&#8221; bg_image_animation=&#8221;none&#8221; gradient_type=&#8221;default&#8221; shape_type=&#8221;&#8221;][vc_column column_padding=&#8221;no-extra-padding&#8221; column_padding_tablet=&#8221;inherit&#8221; column_padding_phone=&#8221;inherit&#8221; column_padding_position=&#8221;all&#8221;...\" \/>\n<meta property=\"og:url\" content=\"https:\/\/origamee.app\/pt-pt\/manutencao-e-pecas-de-trabalho\/\" \/>\n<meta property=\"og:site_name\" content=\"Origamee\" \/>\n<meta property=\"article:modified_time\" content=\"2025-09-01T14:03:15+00:00\" \/>\n<meta name=\"twitter:card\" content=\"summary_large_image\" \/>\n<meta name=\"twitter:label1\" content=\"Tempo estimado de leitura\" \/>\n\t<meta name=\"twitter:data1\" content=\"5 minutos\" \/>\n<script type=\"application\/ld+json\" class=\"yoast-schema-graph\">{\"@context\":\"https:\/\/schema.org\",\"@graph\":[{\"@type\":\"WebPage\",\"@id\":\"https:\/\/origamee.app\/pt-pt\/manutencao-e-pecas-de-trabalho\/\",\"url\":\"https:\/\/origamee.app\/pt-pt\/manutencao-e-pecas-de-trabalho\/\",\"name\":\"Ordens de trabalho e relat\u00f3rios de trabalho - Origamee\",\"isPartOf\":{\"@id\":\"https:\/\/origamee.app\/pt-pt\/#website\"},\"datePublished\":\"2024-08-26T12:13:04+00:00\",\"dateModified\":\"2025-09-01T14:03:15+00:00\",\"breadcrumb\":{\"@id\":\"https:\/\/origamee.app\/pt-pt\/manutencao-e-pecas-de-trabalho\/#breadcrumb\"},\"inLanguage\":\"pt-PT\",\"potentialAction\":[{\"@type\":\"ReadAction\",\"target\":[\"https:\/\/origamee.app\/pt-pt\/manutencao-e-pecas-de-trabalho\/\"]}]},{\"@type\":\"BreadcrumbList\",\"@id\":\"https:\/\/origamee.app\/pt-pt\/manutencao-e-pecas-de-trabalho\/#breadcrumb\",\"itemListElement\":[{\"@type\":\"ListItem\",\"position\":1,\"name\":\"Portada\",\"item\":\"https:\/\/origamee.app\/pt-pt\/\"},{\"@type\":\"ListItem\",\"position\":2,\"name\":\"Ordens de trabalho e relat\u00f3rios de trabalho\"}]},{\"@type\":\"WebSite\",\"@id\":\"https:\/\/origamee.app\/pt-pt\/#website\",\"url\":\"https:\/\/origamee.app\/pt-pt\/\",\"name\":\"Origamee App\",\"description\":\"Gesti\u00f3n de empresa a tu medida\",\"publisher\":{\"@id\":\"https:\/\/origamee.app\/pt-pt\/#organization\"},\"potentialAction\":[{\"@type\":\"SearchAction\",\"target\":{\"@type\":\"EntryPoint\",\"urlTemplate\":\"https:\/\/origamee.app\/pt-pt\/?s={search_term_string}\"},\"query-input\":{\"@type\":\"PropertyValueSpecification\",\"valueRequired\":true,\"valueName\":\"search_term_string\"}}],\"inLanguage\":\"pt-PT\"},{\"@type\":\"Organization\",\"@id\":\"https:\/\/origamee.app\/pt-pt\/#organization\",\"name\":\"Origamee App\",\"url\":\"https:\/\/origamee.app\/pt-pt\/\",\"logo\":{\"@type\":\"ImageObject\",\"inLanguage\":\"pt-PT\",\"@id\":\"https:\/\/origamee.app\/pt-pt\/#\/schema\/logo\/image\/\",\"url\":\"https:\/\/origamee.app\/wp-content\/uploads\/2026\/02\/cropped-origamee-favicon.png\",\"contentUrl\":\"https:\/\/origamee.app\/wp-content\/uploads\/2026\/02\/cropped-origamee-favicon.png\",\"width\":512,\"height\":512,\"caption\":\"Origamee App\"},\"image\":{\"@id\":\"https:\/\/origamee.app\/pt-pt\/#\/schema\/logo\/image\/\"},\"sameAs\":[\"https:\/\/www.linkedin.com\/company\/origamee\/about\/\"]}]}<\/script>\n<!-- \/ Yoast SEO plugin. -->","yoast_head_json":{"title":"Ordens de trabalho e relat\u00f3rios de trabalho - Origamee","robots":{"index":"index","follow":"follow","max-snippet":"max-snippet:-1","max-image-preview":"max-image-preview:large","max-video-preview":"max-video-preview:-1"},"canonical":"https:\/\/origamee.app\/pt-pt\/manutencao-e-pecas-de-trabalho\/","og_locale":"pt_PT","og_type":"article","og_title":"Ordens de trabalho e relat\u00f3rios de trabalho - Origamee","og_description":"[vc_row type=&#8221;full_width_background&#8221; full_screen_row_position=&#8221;middle&#8221; column_margin=&#8221;default&#8221; column_direction=&#8221;default&#8221; column_direction_tablet=&#8221;default&#8221; column_direction_phone=&#8221;default&#8221; bg_color=&#8221;#28225c&#8221; scene_position=&#8221;center&#8221; text_color=&#8221;light&#8221; text_align=&#8221;left&#8221; row_border_radius=&#8221;none&#8221; row_border_radius_applies=&#8221;bg&#8221; overflow=&#8221;visible&#8221; id=&#8221;Mantenimiento&#8221; row_name=&#8221;Mantenimiento y partes de trabajo&#8221; overlay_strength=&#8221;0.3&#8243; gradient_direction=&#8221;left_to_right&#8221; shape_divider_position=&#8221;bottom&#8221; bg_image_animation=&#8221;none&#8221; gradient_type=&#8221;default&#8221; shape_type=&#8221;&#8221;][vc_column column_padding=&#8221;no-extra-padding&#8221; column_padding_tablet=&#8221;inherit&#8221; column_padding_phone=&#8221;inherit&#8221; column_padding_position=&#8221;all&#8221;...","og_url":"https:\/\/origamee.app\/pt-pt\/manutencao-e-pecas-de-trabalho\/","og_site_name":"Origamee","article_modified_time":"2025-09-01T14:03:15+00:00","twitter_card":"summary_large_image","twitter_misc":{"Tempo estimado de leitura":"5 minutos"},"schema":{"@context":"https:\/\/schema.org","@graph":[{"@type":"WebPage","@id":"https:\/\/origamee.app\/pt-pt\/manutencao-e-pecas-de-trabalho\/","url":"https:\/\/origamee.app\/pt-pt\/manutencao-e-pecas-de-trabalho\/","name":"Ordens de trabalho e relat\u00f3rios de trabalho - Origamee","isPartOf":{"@id":"https:\/\/origamee.app\/pt-pt\/#website"},"datePublished":"2024-08-26T12:13:04+00:00","dateModified":"2025-09-01T14:03:15+00:00","breadcrumb":{"@id":"https:\/\/origamee.app\/pt-pt\/manutencao-e-pecas-de-trabalho\/#breadcrumb"},"inLanguage":"pt-PT","potentialAction":[{"@type":"ReadAction","target":["https:\/\/origamee.app\/pt-pt\/manutencao-e-pecas-de-trabalho\/"]}]},{"@type":"BreadcrumbList","@id":"https:\/\/origamee.app\/pt-pt\/manutencao-e-pecas-de-trabalho\/#breadcrumb","itemListElement":[{"@type":"ListItem","position":1,"name":"Portada","item":"https:\/\/origamee.app\/pt-pt\/"},{"@type":"ListItem","position":2,"name":"Ordens de trabalho e relat\u00f3rios de trabalho"}]},{"@type":"WebSite","@id":"https:\/\/origamee.app\/pt-pt\/#website","url":"https:\/\/origamee.app\/pt-pt\/","name":"Origamee App","description":"Gesti\u00f3n de empresa a tu medida","publisher":{"@id":"https:\/\/origamee.app\/pt-pt\/#organization"},"potentialAction":[{"@type":"SearchAction","target":{"@type":"EntryPoint","urlTemplate":"https:\/\/origamee.app\/pt-pt\/?s={search_term_string}"},"query-input":{"@type":"PropertyValueSpecification","valueRequired":true,"valueName":"search_term_string"}}],"inLanguage":"pt-PT"},{"@type":"Organization","@id":"https:\/\/origamee.app\/pt-pt\/#organization","name":"Origamee App","url":"https:\/\/origamee.app\/pt-pt\/","logo":{"@type":"ImageObject","inLanguage":"pt-PT","@id":"https:\/\/origamee.app\/pt-pt\/#\/schema\/logo\/image\/","url":"https:\/\/origamee.app\/wp-content\/uploads\/2026\/02\/cropped-origamee-favicon.png","contentUrl":"https:\/\/origamee.app\/wp-content\/uploads\/2026\/02\/cropped-origamee-favicon.png","width":512,"height":512,"caption":"Origamee App"},"image":{"@id":"https:\/\/origamee.app\/pt-pt\/#\/schema\/logo\/image\/"},"sameAs":["https:\/\/www.linkedin.com\/company\/origamee\/about\/"]}]}},"_links":{"self":[{"href":"https:\/\/origamee.app\/pt-pt\/wp-json\/wp\/v2\/pages\/1523","targetHints":{"allow":["GET"]}}],"collection":[{"href":"https:\/\/origamee.app\/pt-pt\/wp-json\/wp\/v2\/pages"}],"about":[{"href":"https:\/\/origamee.app\/pt-pt\/wp-json\/wp\/v2\/types\/page"}],"author":[{"embeddable":true,"href":"https:\/\/origamee.app\/pt-pt\/wp-json\/wp\/v2\/users\/3"}],"replies":[{"embeddable":true,"href":"https:\/\/origamee.app\/pt-pt\/wp-json\/wp\/v2\/comments?post=1523"}],"version-history":[{"count":9,"href":"https:\/\/origamee.app\/pt-pt\/wp-json\/wp\/v2\/pages\/1523\/revisions"}],"predecessor-version":[{"id":1761,"href":"https:\/\/origamee.app\/pt-pt\/wp-json\/wp\/v2\/pages\/1523\/revisions\/1761"}],"wp:attachment":[{"href":"https:\/\/origamee.app\/pt-pt\/wp-json\/wp\/v2\/media?parent=1523"}],"curies":[{"name":"wp","href":"https:\/\/api.w.org\/{rel}","templated":true}]}}